{"id":39,"date":"2021-12-29T11:34:31","date_gmt":"2021-12-29T10:34:31","guid":{"rendered":"https:\/\/taille.be\/?page_id=39"},"modified":"2021-12-29T12:28:16","modified_gmt":"2021-12-29T11:28:16","slug":"broyage-evacuation","status":"publish","type":"page","link":"https:\/\/www.taille.be\/?page_id=39","title":{"rendered":"Broyage &#8211; Evacuation"},"content":{"rendered":"\n<div class=\"wp-block-media-text alignwide is-stacked-on-mobile\" style=\"grid-template-columns:30% auto\"><figure class=\"wp-block-media-text__media\"><img loading=\"lazy\" decoding=\"async\" width=\"1024\" height=\"768\" src=\"https:\/\/taille.be\/wp-content\/uploads\/2021\/12\/broyage-4-1-1024x768.jpg\" alt=\"\" class=\"wp-image-101 size-full\" srcset=\"https:\/\/www.taille.be\/wp-content\/uploads\/2021\/12\/broyage-4-1-1024x768.jpg 1024w, https:\/\/www.taille.be\/wp-content\/uploads\/2021\/12\/broyage-4-1-300x225.jpg 300w, https:\/\/www.taille.be\/wp-content\/uploads\/2021\/12\/broyage-4-1-768x576.jpg 768w, https:\/\/www.taille.be\/wp-content\/uploads\/2021\/12\/broyage-4-1-1536x1152.jpg 1536w, https:\/\/www.taille.be\/wp-content\/uploads\/2021\/12\/broyage-4-1.jpg 2048w\" sizes=\"auto, (max-width: 1024px) 100vw, 1024px\" \/><\/figure><div class=\"wp-block-media-text__content\">\n<p>Le broyage des branches peut vous \u00e9viter, dans la plupart des cas, des frais suppl\u00e9mentaires d\u2019\u00e9vacuation vers un centre de compostage.<\/p>\n\n\n\n<p>Le broyat peut \u00eatre \u00e9tal\u00e9 comme couvre-sol dans les parterres de plantations.&nbsp; Il sert de barri\u00e8re anti \u00ab&nbsp;mauvaises herbes&nbsp;\u00bb et prot\u00e8ge les terres contre le dess\u00e8chement.<\/p>\n\n\n\n<p>Deux types de broyeur pour un service adapt\u00e9 \u00e0 vos besoins&nbsp;:<\/p>\n\n\n\n<ul class=\"wp-block-list\"><li><strong>Ohashi ES 130 GHB<\/strong>&nbsp;: gr\u00e2ce \u00e0 ses 390Kg et ses dimensions compactes (165x73x150cm), il traverse la maison sans soucis.&nbsp; Ce broyeur de branches avale jusqu\u2019\u00e0 13cm de diam\u00e8tre et se d\u00e9place sur chenilles.<\/li><li><strong>Forst TR 6D<\/strong>&nbsp;: c\u2019est une machine de 1300Kg capable de broyer des branches de 16cm de diam\u00e8tre.&nbsp; Il se d\u00e9place \u00e9galement sur chenilles.<\/li><\/ul>\n<\/div><\/div>\n","protected":false},"excerpt":{"rendered":"<p>Le broyage des branches peut vous \u00e9viter, dans la plupart des cas, des frais suppl\u00e9mentaires d\u2019\u00e9vacuation vers un centre de compostage. Le broyat peut \u00eatre \u00e9tal\u00e9 comme couvre-sol dans les &#8230;<\/p>\n","protected":false},"author":1,"featured_media":0,"parent":0,"menu_order":0,"comment_status":"closed","ping_status":"closed","template":"template-fullwidth.php","meta":{"footnotes":""},"class_list":["post-39","page","type-page","status-publish","hentry"],"yoast_head":"<!-- This site is optimized with the Yoast SEO plugin v18.9 - https:\/\/yoast.com\/wordpress\/plugins\/seo\/ -->\n<title>Broyage - Evacuation - Taille.be<\/title>\n<meta name=\"robots\" content=\"index, follow, max-snippet:-1, max-image-preview:large, max-video-preview:-1\" \/>\n<link rel=\"canonical\" href=\"https:\/\/www.taille.be\/?page_id=39\" \/>\n<meta property=\"og:locale\" content=\"fr_FR\" \/>\n<meta property=\"og:type\" content=\"article\" \/>\n<meta property=\"og:title\" content=\"Broyage - Evacuation - Taille.be\" \/>\n<meta property=\"og:description\" content=\"Le broyage des branches peut vous \u00e9viter, dans la plupart des cas, des frais suppl\u00e9mentaires d\u2019\u00e9vacuation vers un centre de compostage. Le broyat peut \u00eatre \u00e9tal\u00e9 comme couvre-sol dans les ...\" \/>\n<meta property=\"og:url\" content=\"https:\/\/www.taille.be\/?page_id=39\" \/>\n<meta property=\"og:site_name\" content=\"Taille.be\" \/>\n<meta property=\"article:modified_time\" content=\"2021-12-29T11:28:16+00:00\" \/>\n<meta property=\"og:image\" content=\"https:\/\/taille.be\/wp-content\/uploads\/2021\/12\/broyage-4-1-1024x768.jpg\" \/>\n<meta name=\"twitter:card\" content=\"summary_large_image\" \/>\n<meta name=\"twitter:label1\" content=\"Dur\u00e9e de lecture estim\u00e9e\" \/>\n\t<meta name=\"twitter:data1\" content=\"1 minute\" \/>\n<script type=\"application\/ld+json\" class=\"yoast-schema-graph\">{\"@context\":\"https:\/\/schema.org\",\"@graph\":[{\"@type\":\"WebSite\",\"@id\":\"https:\/\/www.taille.be\/#website\",\"url\":\"https:\/\/www.taille.be\/\",\"name\":\"Taille.be\",\"description\":\"Depuis 2005\",\"potentialAction\":[{\"@type\":\"SearchAction\",\"target\":{\"@type\":\"EntryPoint\",\"urlTemplate\":\"https:\/\/www.taille.be\/?s={search_term_string}\"},\"query-input\":\"required name=search_term_string\"}],\"inLanguage\":\"fr-FR\"},{\"@type\":\"ImageObject\",\"inLanguage\":\"fr-FR\",\"@id\":\"https:\/\/www.taille.be\/?page_id=39#primaryimage\",\"url\":\"https:\/\/taille.be\/wp-content\/uploads\/2021\/12\/broyage-4-1-1024x768.jpg\",\"contentUrl\":\"https:\/\/taille.be\/wp-content\/uploads\/2021\/12\/broyage-4-1-1024x768.jpg\"},{\"@type\":\"WebPage\",\"@id\":\"https:\/\/www.taille.be\/?page_id=39#webpage\",\"url\":\"https:\/\/www.taille.be\/?page_id=39\",\"name\":\"Broyage - Evacuation - Taille.be\",\"isPartOf\":{\"@id\":\"https:\/\/www.taille.be\/#website\"},\"primaryImageOfPage\":{\"@id\":\"https:\/\/www.taille.be\/?page_id=39#primaryimage\"},\"datePublished\":\"2021-12-29T10:34:31+00:00\",\"dateModified\":\"2021-12-29T11:28:16+00:00\",\"breadcrumb\":{\"@id\":\"https:\/\/www.taille.be\/?page_id=39#breadcrumb\"},\"inLanguage\":\"fr-FR\",\"potentialAction\":[{\"@type\":\"ReadAction\",\"target\":[\"https:\/\/www.taille.be\/?page_id=39\"]}]},{\"@type\":\"BreadcrumbList\",\"@id\":\"https:\/\/www.taille.be\/?page_id=39#breadcrumb\",\"itemListElement\":[{\"@type\":\"ListItem\",\"position\":1,\"name\":\"Accueil\",\"item\":\"https:\/\/www.taille.be\/\"},{\"@type\":\"ListItem\",\"position\":2,\"name\":\"Broyage &#8211; Evacuation\"}]}]}<\/script>\n<!-- \/ Yoast SEO plugin. -->","yoast_head_json":{"title":"Broyage - Evacuation - Taille.be","robots":{"index":"index","follow":"follow","max-snippet":"max-snippet:-1","max-image-preview":"max-image-preview:large","max-video-preview":"max-video-preview:-1"},"canonical":"https:\/\/www.taille.be\/?page_id=39","og_locale":"fr_FR","og_type":"article","og_title":"Broyage - Evacuation - Taille.be","og_description":"Le broyage des branches peut vous \u00e9viter, dans la plupart des cas, des frais suppl\u00e9mentaires d\u2019\u00e9vacuation vers un centre de compostage. Le broyat peut \u00eatre \u00e9tal\u00e9 comme couvre-sol dans les ...","og_url":"https:\/\/www.taille.be\/?page_id=39","og_site_name":"Taille.be","article_modified_time":"2021-12-29T11:28:16+00:00","og_image":[{"url":"https:\/\/taille.be\/wp-content\/uploads\/2021\/12\/broyage-4-1-1024x768.jpg"}],"twitter_card":"summary_large_image","twitter_misc":{"Dur\u00e9e de lecture estim\u00e9e":"1 minute"},"schema":{"@context":"https:\/\/schema.org","@graph":[{"@type":"WebSite","@id":"https:\/\/www.taille.be\/#website","url":"https:\/\/www.taille.be\/","name":"Taille.be","description":"Depuis 2005","potentialAction":[{"@type":"SearchAction","target":{"@type":"EntryPoint","urlTemplate":"https:\/\/www.taille.be\/?s={search_term_string}"},"query-input":"required name=search_term_string"}],"inLanguage":"fr-FR"},{"@type":"ImageObject","inLanguage":"fr-FR","@id":"https:\/\/www.taille.be\/?page_id=39#primaryimage","url":"https:\/\/taille.be\/wp-content\/uploads\/2021\/12\/broyage-4-1-1024x768.jpg","contentUrl":"https:\/\/taille.be\/wp-content\/uploads\/2021\/12\/broyage-4-1-1024x768.jpg"},{"@type":"WebPage","@id":"https:\/\/www.taille.be\/?page_id=39#webpage","url":"https:\/\/www.taille.be\/?page_id=39","name":"Broyage - Evacuation - Taille.be","isPartOf":{"@id":"https:\/\/www.taille.be\/#website"},"primaryImageOfPage":{"@id":"https:\/\/www.taille.be\/?page_id=39#primaryimage"},"datePublished":"2021-12-29T10:34:31+00:00","dateModified":"2021-12-29T11:28:16+00:00","breadcrumb":{"@id":"https:\/\/www.taille.be\/?page_id=39#breadcrumb"},"inLanguage":"fr-FR","potentialAction":[{"@type":"ReadAction","target":["https:\/\/www.taille.be\/?page_id=39"]}]},{"@type":"BreadcrumbList","@id":"https:\/\/www.taille.be\/?page_id=39#breadcrumb","itemListElement":[{"@type":"ListItem","position":1,"name":"Accueil","item":"https:\/\/www.taille.be\/"},{"@type":"ListItem","position":2,"name":"Broyage &#8211; Evacuation"}]}]}},"_links":{"self":[{"href":"https:\/\/www.taille.be\/index.php?rest_route=\/wp\/v2\/pages\/39","targetHints":{"allow":["GET"]}}],"collection":[{"href":"https:\/\/www.taille.be\/index.php?rest_route=\/wp\/v2\/pages"}],"about":[{"href":"https:\/\/www.taille.be\/index.php?rest_route=\/wp\/v2\/types\/page"}],"author":[{"embeddable":true,"href":"https:\/\/www.taille.be\/index.php?rest_route=\/wp\/v2\/users\/1"}],"replies":[{"embeddable":true,"href":"https:\/\/www.taille.be\/index.php?rest_route=%2Fwp%2Fv2%2Fcomments&post=39"}],"version-history":[{"count":3,"href":"https:\/\/www.taille.be\/index.php?rest_route=\/wp\/v2\/pages\/39\/revisions"}],"predecessor-version":[{"id":107,"href":"https:\/\/www.taille.be\/index.php?rest_route=\/wp\/v2\/pages\/39\/revisions\/107"}],"wp:attachment":[{"href":"https:\/\/www.taille.be\/index.php?rest_route=%2Fwp%2Fv2%2Fmedia&parent=39"}],"curies":[{"name":"wp","href":"https:\/\/api.w.org\/{rel}","templated":true}]}}