{"id":33,"date":"2021-12-29T11:32:55","date_gmt":"2021-12-29T10:32:55","guid":{"rendered":"https:\/\/taille.be\/?page_id=33"},"modified":"2021-12-29T12:33:03","modified_gmt":"2021-12-29T11:33:03","slug":"saule-tetard","status":"publish","type":"page","link":"https:\/\/www.taille.be\/?page_id=33","title":{"rendered":"Saule t\u00eatard"},"content":{"rendered":"\n<div class=\"wp-block-media-text alignwide is-stacked-on-mobile\" style=\"grid-template-columns:30% auto\"><figure class=\"wp-block-media-text__media\"><img loading=\"lazy\" decoding=\"async\" width=\"1024\" height=\"768\" src=\"https:\/\/taille.be\/wp-content\/uploads\/2021\/12\/saule-3-2-1024x768.jpg\" alt=\"\" class=\"wp-image-113 size-full\" srcset=\"https:\/\/www.taille.be\/wp-content\/uploads\/2021\/12\/saule-3-2-1024x768.jpg 1024w, https:\/\/www.taille.be\/wp-content\/uploads\/2021\/12\/saule-3-2-300x225.jpg 300w, https:\/\/www.taille.be\/wp-content\/uploads\/2021\/12\/saule-3-2-768x576.jpg 768w, https:\/\/www.taille.be\/wp-content\/uploads\/2021\/12\/saule-3-2-1536x1152.jpg 1536w, https:\/\/www.taille.be\/wp-content\/uploads\/2021\/12\/saule-3-2-2048x1536.jpg 2048w\" sizes=\"auto, (max-width: 1024px) 100vw, 1024px\" \/><\/figure><div class=\"wp-block-media-text__content\">\n<p>La formation en \u00ab&nbsp;t\u00eatard&nbsp;\u00bb consiste \u00e0 laisser uniquement la base du f\u00fbt sur une hauteur d\u2019environ 2 ou 3 m\u00e8tres.&nbsp; Cette taille radicale est pratiqu\u00e9e sur le Saule pour diff\u00e9rentes raisons&nbsp;:<\/p>\n\n\n\n<ul class=\"wp-block-list\"><li>emp\u00eacher le sujet de rompre<\/li><li>limiter le d\u00e9veloppement en hauteur<\/li><li>marquer l\u2019espace (alignement, sym\u00e9trie)<\/li><li>\u00e9viter l\u2019ass\u00e8chement de marais en milieu naturel<\/li><li>la biodiversit\u00e9<\/li><\/ul>\n\n\n\n<p>Le tronc d\u2019un arbre t\u00eatard devient rapidement un HLM accueillant une faune tr\u00e8s diversifi\u00e9e.<\/p>\n\n\n\n<p>Les Saules t\u00eatards s\u2019entretiennent tous les 3 \u00e0 5 ans en coupant tous les rejets \u00e0 leur base.<\/p>\n<\/div><\/div>\n","protected":false},"excerpt":{"rendered":"<p>La formation en \u00ab&nbsp;t\u00eatard&nbsp;\u00bb consiste \u00e0 laisser uniquement la base du f\u00fbt sur une hauteur d\u2019environ 2 ou 3 m\u00e8tres.&nbsp; Cette taille radicale est pratiqu\u00e9e sur le Saule pour diff\u00e9rentes &#8230;<\/p>\n","protected":false},"author":1,"featured_media":0,"parent":0,"menu_order":0,"comment_status":"closed","ping_status":"closed","template":"template-fullwidth.php","meta":{"footnotes":""},"class_list":["post-33","page","type-page","status-publish","hentry"],"yoast_head":"<!-- This site is optimized with the Yoast SEO plugin v18.9 - https:\/\/yoast.com\/wordpress\/plugins\/seo\/ -->\n<title>Saule t\u00eatard - Taille.be<\/title>\n<meta name=\"robots\" content=\"index, follow, max-snippet:-1, max-image-preview:large, max-video-preview:-1\" \/>\n<link rel=\"canonical\" href=\"https:\/\/www.taille.be\/?page_id=33\" \/>\n<meta property=\"og:locale\" content=\"fr_FR\" \/>\n<meta property=\"og:type\" content=\"article\" \/>\n<meta property=\"og:title\" content=\"Saule t\u00eatard - Taille.be\" \/>\n<meta property=\"og:description\" content=\"La formation en \u00ab&nbsp;t\u00eatard&nbsp;\u00bb consiste \u00e0 laisser uniquement la base du f\u00fbt sur une hauteur d\u2019environ 2 ou 3 m\u00e8tres.&nbsp; Cette taille radicale est pratiqu\u00e9e sur le Saule pour diff\u00e9rentes ...\" \/>\n<meta property=\"og:url\" content=\"https:\/\/www.taille.be\/?page_id=33\" \/>\n<meta property=\"og:site_name\" content=\"Taille.be\" \/>\n<meta property=\"article:modified_time\" content=\"2021-12-29T11:33:03+00:00\" \/>\n<meta property=\"og:image\" content=\"https:\/\/taille.be\/wp-content\/uploads\/2021\/12\/saule-3-2-1024x768.jpg\" \/>\n<meta name=\"twitter:card\" content=\"summary_large_image\" \/>\n<script type=\"application\/ld+json\" class=\"yoast-schema-graph\">{\"@context\":\"https:\/\/schema.org\",\"@graph\":[{\"@type\":\"WebSite\",\"@id\":\"https:\/\/www.taille.be\/#website\",\"url\":\"https:\/\/www.taille.be\/\",\"name\":\"Taille.be\",\"description\":\"Depuis 2005\",\"potentialAction\":[{\"@type\":\"SearchAction\",\"target\":{\"@type\":\"EntryPoint\",\"urlTemplate\":\"https:\/\/www.taille.be\/?s={search_term_string}\"},\"query-input\":\"required name=search_term_string\"}],\"inLanguage\":\"fr-FR\"},{\"@type\":\"ImageObject\",\"inLanguage\":\"fr-FR\",\"@id\":\"https:\/\/www.taille.be\/?page_id=33#primaryimage\",\"url\":\"https:\/\/taille.be\/wp-content\/uploads\/2021\/12\/saule-3-2-1024x768.jpg\",\"contentUrl\":\"https:\/\/taille.be\/wp-content\/uploads\/2021\/12\/saule-3-2-1024x768.jpg\"},{\"@type\":\"WebPage\",\"@id\":\"https:\/\/www.taille.be\/?page_id=33#webpage\",\"url\":\"https:\/\/www.taille.be\/?page_id=33\",\"name\":\"Saule t\u00eatard - Taille.be\",\"isPartOf\":{\"@id\":\"https:\/\/www.taille.be\/#website\"},\"primaryImageOfPage\":{\"@id\":\"https:\/\/www.taille.be\/?page_id=33#primaryimage\"},\"datePublished\":\"2021-12-29T10:32:55+00:00\",\"dateModified\":\"2021-12-29T11:33:03+00:00\",\"breadcrumb\":{\"@id\":\"https:\/\/www.taille.be\/?page_id=33#breadcrumb\"},\"inLanguage\":\"fr-FR\",\"potentialAction\":[{\"@type\":\"ReadAction\",\"target\":[\"https:\/\/www.taille.be\/?page_id=33\"]}]},{\"@type\":\"BreadcrumbList\",\"@id\":\"https:\/\/www.taille.be\/?page_id=33#breadcrumb\",\"itemListElement\":[{\"@type\":\"ListItem\",\"position\":1,\"name\":\"Accueil\",\"item\":\"https:\/\/www.taille.be\/\"},{\"@type\":\"ListItem\",\"position\":2,\"name\":\"Saule t\u00eatard\"}]}]}<\/script>\n<!-- \/ Yoast SEO plugin. -->","yoast_head_json":{"title":"Saule t\u00eatard - Taille.be","robots":{"index":"index","follow":"follow","max-snippet":"max-snippet:-1","max-image-preview":"max-image-preview:large","max-video-preview":"max-video-preview:-1"},"canonical":"https:\/\/www.taille.be\/?page_id=33","og_locale":"fr_FR","og_type":"article","og_title":"Saule t\u00eatard - Taille.be","og_description":"La formation en \u00ab&nbsp;t\u00eatard&nbsp;\u00bb consiste \u00e0 laisser uniquement la base du f\u00fbt sur une hauteur d\u2019environ 2 ou 3 m\u00e8tres.&nbsp; Cette taille radicale est pratiqu\u00e9e sur le Saule pour diff\u00e9rentes ...","og_url":"https:\/\/www.taille.be\/?page_id=33","og_site_name":"Taille.be","article_modified_time":"2021-12-29T11:33:03+00:00","og_image":[{"url":"https:\/\/taille.be\/wp-content\/uploads\/2021\/12\/saule-3-2-1024x768.jpg"}],"twitter_card":"summary_large_image","schema":{"@context":"https:\/\/schema.org","@graph":[{"@type":"WebSite","@id":"https:\/\/www.taille.be\/#website","url":"https:\/\/www.taille.be\/","name":"Taille.be","description":"Depuis 2005","potentialAction":[{"@type":"SearchAction","target":{"@type":"EntryPoint","urlTemplate":"https:\/\/www.taille.be\/?s={search_term_string}"},"query-input":"required name=search_term_string"}],"inLanguage":"fr-FR"},{"@type":"ImageObject","inLanguage":"fr-FR","@id":"https:\/\/www.taille.be\/?page_id=33#primaryimage","url":"https:\/\/taille.be\/wp-content\/uploads\/2021\/12\/saule-3-2-1024x768.jpg","contentUrl":"https:\/\/taille.be\/wp-content\/uploads\/2021\/12\/saule-3-2-1024x768.jpg"},{"@type":"WebPage","@id":"https:\/\/www.taille.be\/?page_id=33#webpage","url":"https:\/\/www.taille.be\/?page_id=33","name":"Saule t\u00eatard - Taille.be","isPartOf":{"@id":"https:\/\/www.taille.be\/#website"},"primaryImageOfPage":{"@id":"https:\/\/www.taille.be\/?page_id=33#primaryimage"},"datePublished":"2021-12-29T10:32:55+00:00","dateModified":"2021-12-29T11:33:03+00:00","breadcrumb":{"@id":"https:\/\/www.taille.be\/?page_id=33#breadcrumb"},"inLanguage":"fr-FR","potentialAction":[{"@type":"ReadAction","target":["https:\/\/www.taille.be\/?page_id=33"]}]},{"@type":"BreadcrumbList","@id":"https:\/\/www.taille.be\/?page_id=33#breadcrumb","itemListElement":[{"@type":"ListItem","position":1,"name":"Accueil","item":"https:\/\/www.taille.be\/"},{"@type":"ListItem","position":2,"name":"Saule t\u00eatard"}]}]}},"_links":{"self":[{"href":"https:\/\/www.taille.be\/index.php?rest_route=\/wp\/v2\/pages\/33","targetHints":{"allow":["GET"]}}],"collection":[{"href":"https:\/\/www.taille.be\/index.php?rest_route=\/wp\/v2\/pages"}],"about":[{"href":"https:\/\/www.taille.be\/index.php?rest_route=\/wp\/v2\/types\/page"}],"author":[{"embeddable":true,"href":"https:\/\/www.taille.be\/index.php?rest_route=\/wp\/v2\/users\/1"}],"replies":[{"embeddable":true,"href":"https:\/\/www.taille.be\/index.php?rest_route=%2Fwp%2Fv2%2Fcomments&post=33"}],"version-history":[{"count":2,"href":"https:\/\/www.taille.be\/index.php?rest_route=\/wp\/v2\/pages\/33\/revisions"}],"predecessor-version":[{"id":114,"href":"https:\/\/www.taille.be\/index.php?rest_route=\/wp\/v2\/pages\/33\/revisions\/114"}],"wp:attachment":[{"href":"https:\/\/www.taille.be\/index.php?rest_route=%2Fwp%2Fv2%2Fmedia&parent=33"}],"curies":[{"name":"wp","href":"https:\/\/api.w.org\/{rel}","templated":true}]}}