{"id":31,"date":"2021-12-29T11:32:25","date_gmt":"2021-12-29T10:32:25","guid":{"rendered":"https:\/\/taille.be\/?page_id=31"},"modified":"2022-05-30T17:59:01","modified_gmt":"2022-05-30T15:59:01","slug":"rabattage-et-taille-de-haies","status":"publish","type":"page","link":"https:\/\/www.taille.be\/?page_id=31","title":{"rendered":"Rabattage et taille de haies"},"content":{"rendered":"\n<div class=\"wp-block-media-text alignwide is-stacked-on-mobile\"><figure class=\"wp-block-media-text__media\"><img loading=\"lazy\" decoding=\"async\" width=\"1004\" height=\"951\" src=\"https:\/\/www.taille.be\/wp-content\/uploads\/2022\/05\/1A-1B.jpg\" alt=\"\" class=\"wp-image-126 size-full\" srcset=\"https:\/\/www.taille.be\/wp-content\/uploads\/2022\/05\/1A-1B.jpg 1004w, https:\/\/www.taille.be\/wp-content\/uploads\/2022\/05\/1A-1B-300x284.jpg 300w, https:\/\/www.taille.be\/wp-content\/uploads\/2022\/05\/1A-1B-768x727.jpg 768w\" sizes=\"auto, (max-width: 1004px) 100vw, 1004px\" \/><\/figure><div class=\"wp-block-media-text__content\">\n<p id=\"block-df13b476-e222-4246-994c-6ac5e4daeb46\"><br>Certaines essences utilis\u00e9es comme haie supportent des tailles s\u00e9v\u00e8res.&nbsp; Il est m\u00eame possible, d\u2019en certain cas, de revenir sur le bois (ex&nbsp;: Prunus laurocerasus, Taxus, Carpinus, \u2026).&nbsp; D\u2019autres sujets, beaucoup plus sensibles \u00e0 la taille, ne repercerons pas.&nbsp; Il est donc important de les entretenir chaque ann\u00e9e pour limiter leur croissance.<\/p>\n\n\n\n<p id=\"block-6b838c2a-872f-4e65-8985-f9d57d84368a\">Quand il faut intervenir fortement sur la hauteur et la largeur, il est pr\u00e9f\u00e9rable d\u2019agir sur 2 ans.&nbsp; La premi\u00e8re ann\u00e9e sur la hauteur et l\u2019ann\u00e9e suivante sur la largeur.&nbsp;<\/p>\n\n\n\n<p id=\"block-8cddf821-5826-43d3-bc68-0a0026dbc418\">Il faut savoir que les vieilles plantes r\u00e9agissent tr\u00e8s lentement \u00e0 un rabattage.<\/p>\n<\/div><\/div>\n","protected":false},"excerpt":{"rendered":"<p>Certaines essences utilis\u00e9es comme haie supportent des tailles s\u00e9v\u00e8res.&nbsp; Il est m\u00eame possible, d\u2019en certain cas, de revenir sur le bois (ex&nbsp;: Prunus laurocerasus, Taxus, Carpinus, \u2026).&nbsp; D\u2019autres sujets, beaucoup &#8230;<\/p>\n","protected":false},"author":1,"featured_media":0,"parent":0,"menu_order":0,"comment_status":"closed","ping_status":"closed","template":"template-fullwidth.php","meta":{"footnotes":""},"class_list":["post-31","page","type-page","status-publish","hentry"],"yoast_head":"<!-- This site is optimized with the Yoast SEO plugin v18.9 - https:\/\/yoast.com\/wordpress\/plugins\/seo\/ -->\n<title>Rabattage et taille de haies - Taille.be<\/title>\n<meta name=\"robots\" content=\"index, follow, max-snippet:-1, max-image-preview:large, max-video-preview:-1\" \/>\n<link rel=\"canonical\" href=\"https:\/\/www.taille.be\/?page_id=31\" \/>\n<meta property=\"og:locale\" content=\"fr_FR\" \/>\n<meta property=\"og:type\" content=\"article\" \/>\n<meta property=\"og:title\" content=\"Rabattage et taille de haies - Taille.be\" \/>\n<meta property=\"og:description\" content=\"Certaines essences utilis\u00e9es comme haie supportent des tailles s\u00e9v\u00e8res.&nbsp; Il est m\u00eame possible, d\u2019en certain cas, de revenir sur le bois (ex&nbsp;: Prunus laurocerasus, Taxus, Carpinus, \u2026).&nbsp; D\u2019autres sujets, beaucoup ...\" \/>\n<meta property=\"og:url\" content=\"https:\/\/www.taille.be\/?page_id=31\" \/>\n<meta property=\"og:site_name\" content=\"Taille.be\" \/>\n<meta property=\"article:modified_time\" content=\"2022-05-30T15:59:01+00:00\" \/>\n<meta property=\"og:image\" content=\"https:\/\/www.taille.be\/wp-content\/uploads\/2022\/05\/1A-1B.jpg\" \/>\n<meta name=\"twitter:card\" content=\"summary_large_image\" \/>\n<meta name=\"twitter:label1\" content=\"Dur\u00e9e de lecture estim\u00e9e\" \/>\n\t<meta name=\"twitter:data1\" content=\"1 minute\" \/>\n<script type=\"application\/ld+json\" class=\"yoast-schema-graph\">{\"@context\":\"https:\/\/schema.org\",\"@graph\":[{\"@type\":\"WebSite\",\"@id\":\"https:\/\/www.taille.be\/#website\",\"url\":\"https:\/\/www.taille.be\/\",\"name\":\"Taille.be\",\"description\":\"Depuis 2005\",\"potentialAction\":[{\"@type\":\"SearchAction\",\"target\":{\"@type\":\"EntryPoint\",\"urlTemplate\":\"https:\/\/www.taille.be\/?s={search_term_string}\"},\"query-input\":\"required name=search_term_string\"}],\"inLanguage\":\"fr-FR\"},{\"@type\":\"ImageObject\",\"inLanguage\":\"fr-FR\",\"@id\":\"https:\/\/www.taille.be\/?page_id=31#primaryimage\",\"url\":\"https:\/\/www.taille.be\/wp-content\/uploads\/2022\/05\/1A-1B.jpg\",\"contentUrl\":\"https:\/\/www.taille.be\/wp-content\/uploads\/2022\/05\/1A-1B.jpg\",\"width\":1004,\"height\":951},{\"@type\":\"WebPage\",\"@id\":\"https:\/\/www.taille.be\/?page_id=31#webpage\",\"url\":\"https:\/\/www.taille.be\/?page_id=31\",\"name\":\"Rabattage et taille de haies - Taille.be\",\"isPartOf\":{\"@id\":\"https:\/\/www.taille.be\/#website\"},\"primaryImageOfPage\":{\"@id\":\"https:\/\/www.taille.be\/?page_id=31#primaryimage\"},\"datePublished\":\"2021-12-29T10:32:25+00:00\",\"dateModified\":\"2022-05-30T15:59:01+00:00\",\"breadcrumb\":{\"@id\":\"https:\/\/www.taille.be\/?page_id=31#breadcrumb\"},\"inLanguage\":\"fr-FR\",\"potentialAction\":[{\"@type\":\"ReadAction\",\"target\":[\"https:\/\/www.taille.be\/?page_id=31\"]}]},{\"@type\":\"BreadcrumbList\",\"@id\":\"https:\/\/www.taille.be\/?page_id=31#breadcrumb\",\"itemListElement\":[{\"@type\":\"ListItem\",\"position\":1,\"name\":\"Accueil\",\"item\":\"https:\/\/www.taille.be\/\"},{\"@type\":\"ListItem\",\"position\":2,\"name\":\"Rabattage et taille de haies\"}]}]}<\/script>\n<!-- \/ Yoast SEO plugin. -->","yoast_head_json":{"title":"Rabattage et taille de haies - Taille.be","robots":{"index":"index","follow":"follow","max-snippet":"max-snippet:-1","max-image-preview":"max-image-preview:large","max-video-preview":"max-video-preview:-1"},"canonical":"https:\/\/www.taille.be\/?page_id=31","og_locale":"fr_FR","og_type":"article","og_title":"Rabattage et taille de haies - Taille.be","og_description":"Certaines essences utilis\u00e9es comme haie supportent des tailles s\u00e9v\u00e8res.&nbsp; Il est m\u00eame possible, d\u2019en certain cas, de revenir sur le bois (ex&nbsp;: Prunus laurocerasus, Taxus, Carpinus, \u2026).&nbsp; D\u2019autres sujets, beaucoup ...","og_url":"https:\/\/www.taille.be\/?page_id=31","og_site_name":"Taille.be","article_modified_time":"2022-05-30T15:59:01+00:00","og_image":[{"url":"https:\/\/www.taille.be\/wp-content\/uploads\/2022\/05\/1A-1B.jpg"}],"twitter_card":"summary_large_image","twitter_misc":{"Dur\u00e9e de lecture estim\u00e9e":"1 minute"},"schema":{"@context":"https:\/\/schema.org","@graph":[{"@type":"WebSite","@id":"https:\/\/www.taille.be\/#website","url":"https:\/\/www.taille.be\/","name":"Taille.be","description":"Depuis 2005","potentialAction":[{"@type":"SearchAction","target":{"@type":"EntryPoint","urlTemplate":"https:\/\/www.taille.be\/?s={search_term_string}"},"query-input":"required name=search_term_string"}],"inLanguage":"fr-FR"},{"@type":"ImageObject","inLanguage":"fr-FR","@id":"https:\/\/www.taille.be\/?page_id=31#primaryimage","url":"https:\/\/www.taille.be\/wp-content\/uploads\/2022\/05\/1A-1B.jpg","contentUrl":"https:\/\/www.taille.be\/wp-content\/uploads\/2022\/05\/1A-1B.jpg","width":1004,"height":951},{"@type":"WebPage","@id":"https:\/\/www.taille.be\/?page_id=31#webpage","url":"https:\/\/www.taille.be\/?page_id=31","name":"Rabattage et taille de haies - Taille.be","isPartOf":{"@id":"https:\/\/www.taille.be\/#website"},"primaryImageOfPage":{"@id":"https:\/\/www.taille.be\/?page_id=31#primaryimage"},"datePublished":"2021-12-29T10:32:25+00:00","dateModified":"2022-05-30T15:59:01+00:00","breadcrumb":{"@id":"https:\/\/www.taille.be\/?page_id=31#breadcrumb"},"inLanguage":"fr-FR","potentialAction":[{"@type":"ReadAction","target":["https:\/\/www.taille.be\/?page_id=31"]}]},{"@type":"BreadcrumbList","@id":"https:\/\/www.taille.be\/?page_id=31#breadcrumb","itemListElement":[{"@type":"ListItem","position":1,"name":"Accueil","item":"https:\/\/www.taille.be\/"},{"@type":"ListItem","position":2,"name":"Rabattage et taille de haies"}]}]}},"_links":{"self":[{"href":"https:\/\/www.taille.be\/index.php?rest_route=\/wp\/v2\/pages\/31","targetHints":{"allow":["GET"]}}],"collection":[{"href":"https:\/\/www.taille.be\/index.php?rest_route=\/wp\/v2\/pages"}],"about":[{"href":"https:\/\/www.taille.be\/index.php?rest_route=\/wp\/v2\/types\/page"}],"author":[{"embeddable":true,"href":"https:\/\/www.taille.be\/index.php?rest_route=\/wp\/v2\/users\/1"}],"replies":[{"embeddable":true,"href":"https:\/\/www.taille.be\/index.php?rest_route=%2Fwp%2Fv2%2Fcomments&post=31"}],"version-history":[{"count":5,"href":"https:\/\/www.taille.be\/index.php?rest_route=\/wp\/v2\/pages\/31\/revisions"}],"predecessor-version":[{"id":133,"href":"https:\/\/www.taille.be\/index.php?rest_route=\/wp\/v2\/pages\/31\/revisions\/133"}],"wp:attachment":[{"href":"https:\/\/www.taille.be\/index.php?rest_route=%2Fwp%2Fv2%2Fmedia&parent=31"}],"curies":[{"name":"wp","href":"https:\/\/api.w.org\/{rel}","templated":true}]}}