{"id":24,"date":"2021-12-29T11:29:16","date_gmt":"2021-12-29T10:29:16","guid":{"rendered":"https:\/\/taille.be\/?page_id=24"},"modified":"2021-12-29T13:07:58","modified_gmt":"2021-12-29T12:07:58","slug":"abattage-demontage","status":"publish","type":"page","link":"https:\/\/www.taille.be\/?page_id=24","title":{"rendered":"Abattage &#8211; D\u00e9montage"},"content":{"rendered":"\n<div class=\"wp-block-media-text alignwide is-stacked-on-mobile\" style=\"grid-template-columns:30% auto\"><figure class=\"wp-block-media-text__media\"><img loading=\"lazy\" decoding=\"async\" width=\"1024\" height=\"768\" src=\"https:\/\/taille.be\/wp-content\/uploads\/2021\/12\/abattage-3-1-1024x768.jpg\" alt=\"\" class=\"wp-image-108 size-full\" srcset=\"https:\/\/www.taille.be\/wp-content\/uploads\/2021\/12\/abattage-3-1-1024x768.jpg 1024w, https:\/\/www.taille.be\/wp-content\/uploads\/2021\/12\/abattage-3-1-300x225.jpg 300w, https:\/\/www.taille.be\/wp-content\/uploads\/2021\/12\/abattage-3-1-768x576.jpg 768w, https:\/\/www.taille.be\/wp-content\/uploads\/2021\/12\/abattage-3-1-1536x1152.jpg 1536w, https:\/\/www.taille.be\/wp-content\/uploads\/2021\/12\/abattage-3-1.jpg 2048w\" sizes=\"auto, (max-width: 1024px) 100vw, 1024px\" \/><\/figure><div class=\"wp-block-media-text__content\">\n<p>Pas d\u2019abattage inutile&nbsp;!&nbsp;<\/p>\n\n\n\n<p>Les arbres dangereux de part leur emplacement ou leur \u00e9tat sanitaire doivent \u00eatre abattus ou d\u00e9mont\u00e9s.&nbsp;<\/p>\n\n\n\n<p>Les techniques de grimpe nous permettent de d\u00e9monter, en toute s\u00e9curit\u00e9, tous types d\u2019arbres quelque soit leur environnement.<\/p>\n\n\n\n<p>Il est toujours pr\u00e9f\u00e9rable de se procurer un permis d\u2019abattage d\u00e9livr\u00e9 par le service d\u2019urbanisme de votre commune.<\/p>\n<\/div><\/div>\n","protected":false},"excerpt":{"rendered":"<p>Pas d\u2019abattage inutile&nbsp;!&nbsp; Les arbres dangereux de part leur emplacement ou leur \u00e9tat sanitaire doivent \u00eatre abattus ou d\u00e9mont\u00e9s.&nbsp; Les techniques de grimpe nous permettent de d\u00e9monter, en toute s\u00e9curit\u00e9, &#8230;<\/p>\n","protected":false},"author":1,"featured_media":0,"parent":0,"menu_order":0,"comment_status":"closed","ping_status":"closed","template":"template-fullwidth.php","meta":{"footnotes":""},"class_list":["post-24","page","type-page","status-publish","hentry"],"yoast_head":"<!-- This site is optimized with the Yoast SEO plugin v18.9 - https:\/\/yoast.com\/wordpress\/plugins\/seo\/ -->\n<title>Abattage - D\u00e9montage - Taille.be<\/title>\n<meta name=\"robots\" content=\"index, follow, max-snippet:-1, max-image-preview:large, max-video-preview:-1\" \/>\n<link rel=\"canonical\" href=\"https:\/\/www.taille.be\/?page_id=24\" \/>\n<meta property=\"og:locale\" content=\"fr_FR\" \/>\n<meta property=\"og:type\" content=\"article\" \/>\n<meta property=\"og:title\" content=\"Abattage - D\u00e9montage - Taille.be\" \/>\n<meta property=\"og:description\" content=\"Pas d\u2019abattage inutile&nbsp;!&nbsp; Les arbres dangereux de part leur emplacement ou leur \u00e9tat sanitaire doivent \u00eatre abattus ou d\u00e9mont\u00e9s.&nbsp; Les techniques de grimpe nous permettent de d\u00e9monter, en toute s\u00e9curit\u00e9, ...\" \/>\n<meta property=\"og:url\" content=\"https:\/\/www.taille.be\/?page_id=24\" \/>\n<meta property=\"og:site_name\" content=\"Taille.be\" \/>\n<meta property=\"article:modified_time\" content=\"2021-12-29T12:07:58+00:00\" \/>\n<meta property=\"og:image\" content=\"https:\/\/taille.be\/wp-content\/uploads\/2021\/12\/abattage-3-1-1024x768.jpg\" \/>\n<meta name=\"twitter:card\" content=\"summary_large_image\" \/>\n<script type=\"application\/ld+json\" class=\"yoast-schema-graph\">{\"@context\":\"https:\/\/schema.org\",\"@graph\":[{\"@type\":\"WebSite\",\"@id\":\"https:\/\/www.taille.be\/#website\",\"url\":\"https:\/\/www.taille.be\/\",\"name\":\"Taille.be\",\"description\":\"Depuis 2005\",\"potentialAction\":[{\"@type\":\"SearchAction\",\"target\":{\"@type\":\"EntryPoint\",\"urlTemplate\":\"https:\/\/www.taille.be\/?s={search_term_string}\"},\"query-input\":\"required name=search_term_string\"}],\"inLanguage\":\"fr-FR\"},{\"@type\":\"ImageObject\",\"inLanguage\":\"fr-FR\",\"@id\":\"https:\/\/www.taille.be\/?page_id=24#primaryimage\",\"url\":\"https:\/\/taille.be\/wp-content\/uploads\/2021\/12\/abattage-3-1-1024x768.jpg\",\"contentUrl\":\"https:\/\/taille.be\/wp-content\/uploads\/2021\/12\/abattage-3-1-1024x768.jpg\"},{\"@type\":\"WebPage\",\"@id\":\"https:\/\/www.taille.be\/?page_id=24#webpage\",\"url\":\"https:\/\/www.taille.be\/?page_id=24\",\"name\":\"Abattage - D\u00e9montage - Taille.be\",\"isPartOf\":{\"@id\":\"https:\/\/www.taille.be\/#website\"},\"primaryImageOfPage\":{\"@id\":\"https:\/\/www.taille.be\/?page_id=24#primaryimage\"},\"datePublished\":\"2021-12-29T10:29:16+00:00\",\"dateModified\":\"2021-12-29T12:07:58+00:00\",\"breadcrumb\":{\"@id\":\"https:\/\/www.taille.be\/?page_id=24#breadcrumb\"},\"inLanguage\":\"fr-FR\",\"potentialAction\":[{\"@type\":\"ReadAction\",\"target\":[\"https:\/\/www.taille.be\/?page_id=24\"]}]},{\"@type\":\"BreadcrumbList\",\"@id\":\"https:\/\/www.taille.be\/?page_id=24#breadcrumb\",\"itemListElement\":[{\"@type\":\"ListItem\",\"position\":1,\"name\":\"Accueil\",\"item\":\"https:\/\/www.taille.be\/\"},{\"@type\":\"ListItem\",\"position\":2,\"name\":\"Abattage &#8211; D\u00e9montage\"}]}]}<\/script>\n<!-- \/ Yoast SEO plugin. -->","yoast_head_json":{"title":"Abattage - D\u00e9montage - Taille.be","robots":{"index":"index","follow":"follow","max-snippet":"max-snippet:-1","max-image-preview":"max-image-preview:large","max-video-preview":"max-video-preview:-1"},"canonical":"https:\/\/www.taille.be\/?page_id=24","og_locale":"fr_FR","og_type":"article","og_title":"Abattage - D\u00e9montage - Taille.be","og_description":"Pas d\u2019abattage inutile&nbsp;!&nbsp; Les arbres dangereux de part leur emplacement ou leur \u00e9tat sanitaire doivent \u00eatre abattus ou d\u00e9mont\u00e9s.&nbsp; Les techniques de grimpe nous permettent de d\u00e9monter, en toute s\u00e9curit\u00e9, ...","og_url":"https:\/\/www.taille.be\/?page_id=24","og_site_name":"Taille.be","article_modified_time":"2021-12-29T12:07:58+00:00","og_image":[{"url":"https:\/\/taille.be\/wp-content\/uploads\/2021\/12\/abattage-3-1-1024x768.jpg"}],"twitter_card":"summary_large_image","schema":{"@context":"https:\/\/schema.org","@graph":[{"@type":"WebSite","@id":"https:\/\/www.taille.be\/#website","url":"https:\/\/www.taille.be\/","name":"Taille.be","description":"Depuis 2005","potentialAction":[{"@type":"SearchAction","target":{"@type":"EntryPoint","urlTemplate":"https:\/\/www.taille.be\/?s={search_term_string}"},"query-input":"required name=search_term_string"}],"inLanguage":"fr-FR"},{"@type":"ImageObject","inLanguage":"fr-FR","@id":"https:\/\/www.taille.be\/?page_id=24#primaryimage","url":"https:\/\/taille.be\/wp-content\/uploads\/2021\/12\/abattage-3-1-1024x768.jpg","contentUrl":"https:\/\/taille.be\/wp-content\/uploads\/2021\/12\/abattage-3-1-1024x768.jpg"},{"@type":"WebPage","@id":"https:\/\/www.taille.be\/?page_id=24#webpage","url":"https:\/\/www.taille.be\/?page_id=24","name":"Abattage - D\u00e9montage - Taille.be","isPartOf":{"@id":"https:\/\/www.taille.be\/#website"},"primaryImageOfPage":{"@id":"https:\/\/www.taille.be\/?page_id=24#primaryimage"},"datePublished":"2021-12-29T10:29:16+00:00","dateModified":"2021-12-29T12:07:58+00:00","breadcrumb":{"@id":"https:\/\/www.taille.be\/?page_id=24#breadcrumb"},"inLanguage":"fr-FR","potentialAction":[{"@type":"ReadAction","target":["https:\/\/www.taille.be\/?page_id=24"]}]},{"@type":"BreadcrumbList","@id":"https:\/\/www.taille.be\/?page_id=24#breadcrumb","itemListElement":[{"@type":"ListItem","position":1,"name":"Accueil","item":"https:\/\/www.taille.be\/"},{"@type":"ListItem","position":2,"name":"Abattage &#8211; D\u00e9montage"}]}]}},"_links":{"self":[{"href":"https:\/\/www.taille.be\/index.php?rest_route=\/wp\/v2\/pages\/24","targetHints":{"allow":["GET"]}}],"collection":[{"href":"https:\/\/www.taille.be\/index.php?rest_route=\/wp\/v2\/pages"}],"about":[{"href":"https:\/\/www.taille.be\/index.php?rest_route=\/wp\/v2\/types\/page"}],"author":[{"embeddable":true,"href":"https:\/\/www.taille.be\/index.php?rest_route=\/wp\/v2\/users\/1"}],"replies":[{"embeddable":true,"href":"https:\/\/www.taille.be\/index.php?rest_route=%2Fwp%2Fv2%2Fcomments&post=24"}],"version-history":[{"count":2,"href":"https:\/\/www.taille.be\/index.php?rest_route=\/wp\/v2\/pages\/24\/revisions"}],"predecessor-version":[{"id":109,"href":"https:\/\/www.taille.be\/index.php?rest_route=\/wp\/v2\/pages\/24\/revisions\/109"}],"wp:attachment":[{"href":"https:\/\/www.taille.be\/index.php?rest_route=%2Fwp%2Fv2%2Fmedia&parent=24"}],"curies":[{"name":"wp","href":"https:\/\/api.w.org\/{rel}","templated":true}]}}