{"id":12,"date":"2021-12-29T10:48:41","date_gmt":"2021-12-29T09:48:41","guid":{"rendered":"https:\/\/taille.be\/?page_id=12"},"modified":"2021-12-29T11:09:48","modified_gmt":"2021-12-29T10:09:48","slug":"accueil","status":"publish","type":"page","link":"https:\/\/www.taille.be\/","title":{"rendered":"Accueil"},"content":{"rendered":"\n<p><strong>Une \u00e9quipe d\u2019ind\u00e9pendants comp\u00e9tents et passionn\u00e9s<\/strong> est \u00e0 votre disposition depuis 2005 pour am\u00e9liorer l\u2019esth\u00e9tique et la s\u00e9curit\u00e9 de votre environnement.&nbsp;<\/p>\n\n\n\n<p>Nos arbres constituent les acteurs principaux du paysage\u2026&nbsp; Plusieurs dizaines d\u2019ann\u00e9es sont n\u00e9cessaires \u00e0 leur croissance.&nbsp; Respectons-les et ne les gaspillons pas.<\/p>\n","protected":false},"excerpt":{"rendered":"<p>Une \u00e9quipe d\u2019ind\u00e9pendants comp\u00e9tents et passionn\u00e9s est \u00e0 votre disposition depuis 2005 pour am\u00e9liorer l\u2019esth\u00e9tique et la s\u00e9curit\u00e9 de votre environnement.&nbsp; Nos arbres constituent les acteurs principaux du paysage\u2026&nbsp; Plusieurs &#8230;<\/p>\n","protected":false},"author":1,"featured_media":0,"parent":0,"menu_order":0,"comment_status":"closed","ping_status":"closed","template":"template-frontpage.php","meta":{"footnotes":""},"class_list":["post-12","page","type-page","status-publish","hentry"],"yoast_head":"<!-- This site is optimized with the Yoast SEO plugin v18.9 - https:\/\/yoast.com\/wordpress\/plugins\/seo\/ -->\n<title>Accueil - Taille.be<\/title>\n<meta name=\"robots\" content=\"index, follow, max-snippet:-1, max-image-preview:large, max-video-preview:-1\" \/>\n<link rel=\"canonical\" href=\"https:\/\/www.taille.be\/\" \/>\n<meta property=\"og:locale\" content=\"fr_FR\" \/>\n<meta property=\"og:type\" content=\"article\" \/>\n<meta property=\"og:title\" content=\"Accueil - Taille.be\" \/>\n<meta property=\"og:description\" content=\"Une \u00e9quipe d\u2019ind\u00e9pendants comp\u00e9tents et passionn\u00e9s est \u00e0 votre disposition depuis 2005 pour am\u00e9liorer l\u2019esth\u00e9tique et la s\u00e9curit\u00e9 de votre environnement.&nbsp; Nos arbres constituent les acteurs principaux du paysage\u2026&nbsp; Plusieurs ...\" \/>\n<meta property=\"og:url\" content=\"https:\/\/www.taille.be\/\" \/>\n<meta property=\"og:site_name\" content=\"Taille.be\" \/>\n<meta property=\"article:modified_time\" content=\"2021-12-29T10:09:48+00:00\" \/>\n<meta name=\"twitter:card\" content=\"summary_large_image\" \/>\n<script type=\"application\/ld+json\" class=\"yoast-schema-graph\">{\"@context\":\"https:\/\/schema.org\",\"@graph\":[{\"@type\":\"WebSite\",\"@id\":\"https:\/\/www.taille.be\/#website\",\"url\":\"https:\/\/www.taille.be\/\",\"name\":\"Taille.be\",\"description\":\"Depuis 2005\",\"potentialAction\":[{\"@type\":\"SearchAction\",\"target\":{\"@type\":\"EntryPoint\",\"urlTemplate\":\"https:\/\/www.taille.be\/?s={search_term_string}\"},\"query-input\":\"required name=search_term_string\"}],\"inLanguage\":\"fr-FR\"},{\"@type\":\"WebPage\",\"@id\":\"https:\/\/www.taille.be\/#webpage\",\"url\":\"https:\/\/www.taille.be\/\",\"name\":\"Accueil - Taille.be\",\"isPartOf\":{\"@id\":\"https:\/\/www.taille.be\/#website\"},\"datePublished\":\"2021-12-29T09:48:41+00:00\",\"dateModified\":\"2021-12-29T10:09:48+00:00\",\"breadcrumb\":{\"@id\":\"https:\/\/www.taille.be\/#breadcrumb\"},\"inLanguage\":\"fr-FR\",\"potentialAction\":[{\"@type\":\"ReadAction\",\"target\":[\"https:\/\/www.taille.be\/\"]}]},{\"@type\":\"BreadcrumbList\",\"@id\":\"https:\/\/www.taille.be\/#breadcrumb\",\"itemListElement\":[{\"@type\":\"ListItem\",\"position\":1,\"name\":\"Accueil\",\"item\":\"https:\/\/www.taille.be\/\"},{\"@type\":\"ListItem\",\"position\":2,\"name\":\"Accueil\"}]}]}<\/script>\n<!-- \/ Yoast SEO plugin. -->","yoast_head_json":{"title":"Accueil - Taille.be","robots":{"index":"index","follow":"follow","max-snippet":"max-snippet:-1","max-image-preview":"max-image-preview:large","max-video-preview":"max-video-preview:-1"},"canonical":"https:\/\/www.taille.be\/","og_locale":"fr_FR","og_type":"article","og_title":"Accueil - Taille.be","og_description":"Une \u00e9quipe d\u2019ind\u00e9pendants comp\u00e9tents et passionn\u00e9s est \u00e0 votre disposition depuis 2005 pour am\u00e9liorer l\u2019esth\u00e9tique et la s\u00e9curit\u00e9 de votre environnement.&nbsp; Nos arbres constituent les acteurs principaux du paysage\u2026&nbsp; Plusieurs ...","og_url":"https:\/\/www.taille.be\/","og_site_name":"Taille.be","article_modified_time":"2021-12-29T10:09:48+00:00","twitter_card":"summary_large_image","schema":{"@context":"https:\/\/schema.org","@graph":[{"@type":"WebSite","@id":"https:\/\/www.taille.be\/#website","url":"https:\/\/www.taille.be\/","name":"Taille.be","description":"Depuis 2005","potentialAction":[{"@type":"SearchAction","target":{"@type":"EntryPoint","urlTemplate":"https:\/\/www.taille.be\/?s={search_term_string}"},"query-input":"required name=search_term_string"}],"inLanguage":"fr-FR"},{"@type":"WebPage","@id":"https:\/\/www.taille.be\/#webpage","url":"https:\/\/www.taille.be\/","name":"Accueil - Taille.be","isPartOf":{"@id":"https:\/\/www.taille.be\/#website"},"datePublished":"2021-12-29T09:48:41+00:00","dateModified":"2021-12-29T10:09:48+00:00","breadcrumb":{"@id":"https:\/\/www.taille.be\/#breadcrumb"},"inLanguage":"fr-FR","potentialAction":[{"@type":"ReadAction","target":["https:\/\/www.taille.be\/"]}]},{"@type":"BreadcrumbList","@id":"https:\/\/www.taille.be\/#breadcrumb","itemListElement":[{"@type":"ListItem","position":1,"name":"Accueil","item":"https:\/\/www.taille.be\/"},{"@type":"ListItem","position":2,"name":"Accueil"}]}]}},"_links":{"self":[{"href":"https:\/\/www.taille.be\/index.php?rest_route=\/wp\/v2\/pages\/12","targetHints":{"allow":["GET"]}}],"collection":[{"href":"https:\/\/www.taille.be\/index.php?rest_route=\/wp\/v2\/pages"}],"about":[{"href":"https:\/\/www.taille.be\/index.php?rest_route=\/wp\/v2\/types\/page"}],"author":[{"embeddable":true,"href":"https:\/\/www.taille.be\/index.php?rest_route=\/wp\/v2\/users\/1"}],"replies":[{"embeddable":true,"href":"https:\/\/www.taille.be\/index.php?rest_route=%2Fwp%2Fv2%2Fcomments&post=12"}],"version-history":[{"count":1,"href":"https:\/\/www.taille.be\/index.php?rest_route=\/wp\/v2\/pages\/12\/revisions"}],"predecessor-version":[{"id":13,"href":"https:\/\/www.taille.be\/index.php?rest_route=\/wp\/v2\/pages\/12\/revisions\/13"}],"wp:attachment":[{"href":"https:\/\/www.taille.be\/index.php?rest_route=%2Fwp%2Fv2%2Fmedia&parent=12"}],"curies":[{"name":"wp","href":"https:\/\/api.w.org\/{rel}","templated":true}]}}